{"id":20307,"date":"2021-10-14T13:36:37","date_gmt":"2021-10-14T11:36:37","guid":{"rendered":"https:\/\/www.mtec-systems.com\/esmart-products\/"},"modified":"2021-10-14T13:36:37","modified_gmt":"2021-10-14T11:36:37","slug":"esmart-products","status":"publish","type":"page","link":"https:\/\/www.mtec-systems.com\/hu\/esmart-products\/","title":{"rendered":"Alle Produkte"},"content":{"rendered":"\t\t<div data-elementor-type=\"wp-page\" data-elementor-id=\"20307\" class=\"elementor elementor-20307 elementor-72\" data-elementor-post-type=\"page\">\n\t\t\t\t\t\t<section class=\"elementor-section elementor-top-section elementor-element elementor-element-5b0dd10 elementor-section-boxed elementor-section-height-default elementor-section-height-default\" data-id=\"5b0dd10\" data-element_type=\"section\" data-e-type=\"section\" data-settings=\"{&quot;jet_parallax_layout_list&quot;:[]}\">\n\t\t\t\t\t\t<div class=\"elementor-container elementor-column-gap-default\">\n\t\t\t\t\t<div class=\"elementor-column elementor-col-50 elementor-top-column elementor-element elementor-element-9b07f3c\" data-id=\"9b07f3c\" data-element_type=\"column\" data-e-type=\"column\">\n\t\t\t<div class=\"elementor-widget-wrap elementor-element-populated\">\n\t\t\t\t\t\t<div class=\"elementor-element elementor-element-b847b2f elementor-widget elementor-widget-heading\" data-id=\"b847b2f\" data-element_type=\"widget\" data-e-type=\"widget\" data-widget_type=\"heading.default\">\n\t\t\t\t<div class=\"elementor-widget-container\">\n\t\t\t\t\t<h1 class=\"elementor-heading-title elementor-size-default\">PRODUcts and SERVICES FoR a sustainable future<\/h1>\t\t\t\t<\/div>\n\t\t\t\t<\/div>\n\t\t\t\t<div class=\"elementor-element elementor-element-780639e elementor-widget elementor-widget-heading\" data-id=\"780639e\" data-element_type=\"widget\" data-e-type=\"widget\" data-widget_type=\"heading.default\">\n\t\t\t\t<div class=\"elementor-widget-container\">\n\t\t\t\t\t<h2 class=\"elementor-heading-title elementor-size-default\"><div><div><div><div><div><div><div><div data-language=\"en\" data-original-language=\"de\" data-result-index=\"0\"><div><span lang=\"en\"><span data-language-for-alternatives=\"en\" data-language-to-translate-into=\"de\" data-phrase-index=\"0\" data-number-of-phrases=\"1\"><span>Products and services for the production and management of electricity and heat<\/span><\/span><\/span> <span><\/span><\/div><\/div><\/div><\/div><\/div><\/div><\/div><\/div><\/div><\/h2>\t\t\t\t<\/div>\n\t\t\t\t<\/div>\n\t\t\t\t<div class=\"elementor-element elementor-element-7bfc703 elementor-widget elementor-widget-text-editor\" data-id=\"7bfc703\" data-element_type=\"widget\" data-e-type=\"widget\" data-widget_type=\"text-editor.default\">\n\t\t\t\t<div class=\"elementor-widget-container\">\n\t\t\t\t\t\t\t\t\t<div><span lang=\"en\"><span data-language-for-alternatives=\"en\" data-language-to-translate-into=\"de\" data-phrase-index=\"0\" data-number-of-phrases=\"2\">We offer architects, property developers, planners, installers and other experts concrete, feasible solutions from a pre-configured modular system.<\/span> <b><span data-language-for-alternatives=\"en\" data-language-to-translate-into=\"de\" data-phrase-index=\"1\" data-number-of-phrases=\"2\">Use our experience and know-how from 50 years to develop sustainable energy concepts.<\/span><\/b><\/span><\/div>\t\t\t\t\t\t\t\t<\/div>\n\t\t\t\t<\/div>\n\t\t\t\t\t<\/div>\n\t\t<\/div>\n\t\t\t\t<div class=\"elementor-column elementor-col-50 elementor-top-column elementor-element elementor-element-a005df0\" data-id=\"a005df0\" data-element_type=\"column\" data-e-type=\"column\">\n\t\t\t<div class=\"elementor-widget-wrap elementor-element-populated\">\n\t\t\t\t\t\t<div class=\"elementor-element elementor-element-84f7bd7 elementor-widget elementor-widget-image\" data-id=\"84f7bd7\" data-element_type=\"widget\" data-e-type=\"widget\" data-widget_type=\"image.default\">\n\t\t\t\t<div class=\"elementor-widget-container\">\n\t\t\t\t\t\t\t\t\t\t\t\t\t\t\t<img fetchpriority=\"high\" decoding=\"async\" width=\"800\" height=\"533\" src=\"https:\/\/www.mtec-systems.com\/wp-content\/uploads\/sites\/21\/2021\/11\/mtec-steuerung-1024x682.jpg\" class=\"attachment-large size-large wp-image-19906\" alt=\"\" srcset=\"https:\/\/www.mtec-systems.com\/wp-content\/uploads\/sites\/21\/2021\/11\/mtec-steuerung-1024x682.jpg 1024w, https:\/\/www.mtec-systems.com\/wp-content\/uploads\/sites\/21\/2021\/11\/mtec-steuerung-300x200.jpg 300w, https:\/\/www.mtec-systems.com\/wp-content\/uploads\/sites\/21\/2021\/11\/mtec-steuerung-768x512.jpg 768w, https:\/\/www.mtec-systems.com\/wp-content\/uploads\/sites\/21\/2021\/11\/mtec-steuerung-1536x1024.jpg 1536w, https:\/\/www.mtec-systems.com\/wp-content\/uploads\/sites\/21\/2021\/11\/mtec-steuerung.jpg 2000w\" sizes=\"(max-width: 800px) 100vw, 800px\" \/>\t\t\t\t\t\t\t\t\t\t\t\t\t\t\t<\/div>\n\t\t\t\t<\/div>\n\t\t\t\t\t<\/div>\n\t\t<\/div>\n\t\t\t\t\t<\/div>\n\t\t<\/section>\n\t\t\t\t<section class=\"elementor-section elementor-top-section elementor-element elementor-element-5f40d0d elementor-section-full_width elementor-section-height-default elementor-section-height-default\" data-id=\"5f40d0d\" data-element_type=\"section\" data-e-type=\"section\" data-settings=\"{&quot;jet_parallax_layout_list&quot;:[]}\">\n\t\t\t\t\t\t<div class=\"elementor-container elementor-column-gap-default\">\n\t\t\t\t\t<div class=\"elementor-column elementor-col-100 elementor-top-column elementor-element elementor-element-c13dae2\" data-id=\"c13dae2\" data-element_type=\"column\" data-e-type=\"column\">\n\t\t\t<div class=\"elementor-widget-wrap elementor-element-populated\">\n\t\t\t\t\t\t<div class=\"elementor-element elementor-element-ccff16a elementor-widget-divider--view-line elementor-widget elementor-widget-divider\" data-id=\"ccff16a\" data-element_type=\"widget\" data-e-type=\"widget\" data-widget_type=\"divider.default\">\n\t\t\t\t<div class=\"elementor-widget-container\">\n\t\t\t\t\t\t\t<div class=\"elementor-divider\">\n\t\t\t<span class=\"elementor-divider-separator\">\n\t\t\t\t\t\t<\/span>\n\t\t<\/div>\n\t\t\t\t\t\t<\/div>\n\t\t\t\t<\/div>\n\t\t\t\t\t<\/div>\n\t\t<\/div>\n\t\t\t\t\t<\/div>\n\t\t<\/section>\n\t\t\t\t<section class=\"elementor-section elementor-top-section elementor-element elementor-element-92bac54 elementor-section-boxed elementor-section-height-default elementor-section-height-default\" data-id=\"92bac54\" data-element_type=\"section\" data-e-type=\"section\" data-settings=\"{&quot;jet_parallax_layout_list&quot;:[]}\">\n\t\t\t\t\t\t<div class=\"elementor-container elementor-column-gap-default\">\n\t\t\t\t\t<div class=\"elementor-column elementor-col-50 elementor-top-column elementor-element elementor-element-fa5b933\" data-id=\"fa5b933\" data-element_type=\"column\" data-e-type=\"column\">\n\t\t\t<div class=\"elementor-widget-wrap elementor-element-populated\">\n\t\t\t\t\t\t<div class=\"elementor-element elementor-element-35a33eb elementor-widget elementor-widget-image\" data-id=\"35a33eb\" data-element_type=\"widget\" data-e-type=\"widget\" data-widget_type=\"image.default\">\n\t\t\t\t<div class=\"elementor-widget-container\">\n\t\t\t\t\t\t\t\t\t\t\t\t\t\t\t<img decoding=\"async\" width=\"800\" height=\"533\" src=\"https:\/\/www.mtec-systems.com\/wp-content\/uploads\/sites\/21\/2021\/11\/waermepumpe_gruppe-1024x682.jpg\" class=\"attachment-large size-large wp-image-19905\" alt=\"Drei Typen von W\u00e4rmepumpen von M-TEC in verschiedenen Gr\u00f6\u00dfen.\" srcset=\"https:\/\/www.mtec-systems.com\/wp-content\/uploads\/sites\/21\/2021\/11\/waermepumpe_gruppe-1024x682.jpg 1024w, https:\/\/www.mtec-systems.com\/wp-content\/uploads\/sites\/21\/2021\/11\/waermepumpe_gruppe-300x200.jpg 300w, https:\/\/www.mtec-systems.com\/wp-content\/uploads\/sites\/21\/2021\/11\/waermepumpe_gruppe-768x512.jpg 768w, https:\/\/www.mtec-systems.com\/wp-content\/uploads\/sites\/21\/2021\/11\/waermepumpe_gruppe-1536x1024.jpg 1536w, https:\/\/www.mtec-systems.com\/wp-content\/uploads\/sites\/21\/2021\/11\/waermepumpe_gruppe.jpg 2000w\" sizes=\"(max-width: 800px) 100vw, 800px\" \/>\t\t\t\t\t\t\t\t\t\t\t\t\t\t\t<\/div>\n\t\t\t\t<\/div>\n\t\t\t\t\t<\/div>\n\t\t<\/div>\n\t\t\t\t<div class=\"elementor-column elementor-col-50 elementor-top-column elementor-element elementor-element-7d4aa62\" data-id=\"7d4aa62\" data-element_type=\"column\" data-e-type=\"column\">\n\t\t\t<div class=\"elementor-widget-wrap elementor-element-populated\">\n\t\t\t\t\t\t<div class=\"elementor-element elementor-element-286d735 elementor-widget elementor-widget-heading\" data-id=\"286d735\" data-element_type=\"widget\" data-e-type=\"widget\" data-widget_type=\"heading.default\">\n\t\t\t\t<div class=\"elementor-widget-container\">\n\t\t\t\t\t<h2 class=\"elementor-heading-title elementor-size-default\">M-TEC HEAT PUMPS<\/h2>\t\t\t\t<\/div>\n\t\t\t\t<\/div>\n\t\t\t\t<div class=\"elementor-element elementor-element-2e24b02 elementor-widget elementor-widget-heading\" data-id=\"2e24b02\" data-element_type=\"widget\" data-e-type=\"widget\" data-widget_type=\"heading.default\">\n\t\t\t\t<div class=\"elementor-widget-container\">\n\t\t\t\t\t<h3 class=\"elementor-heading-title elementor-size-default\">Heating and cooling in the future.<\/h3>\t\t\t\t<\/div>\n\t\t\t\t<\/div>\n\t\t\t\t<div class=\"elementor-element elementor-element-6ab375d elementor-widget elementor-widget-text-editor\" data-id=\"6ab375d\" data-element_type=\"widget\" data-e-type=\"widget\" data-widget_type=\"text-editor.default\">\n\t\t\t\t<div class=\"elementor-widget-container\">\n\t\t\t\t\t\t\t\t\t<div class=\"J0lOec\"><span class=\"VIiyi\" lang=\"en\"><span class=\"JLqJ4b ChMk0b\" data-language-for-alternatives=\"en\" data-language-to-translate-into=\"de\" data-phrase-index=\"0\" data-number-of-phrases=\"3\">Whether earth, air or groundwater &#8211; with the smart products from M-TEC you use natural resources in an efficient and sustainable way.<\/span> <span class=\"JLqJ4b ChMk0b\" data-language-for-alternatives=\"en\" data-language-to-translate-into=\"de\" data-phrase-index=\"1\" data-number-of-phrases=\"3\">A large range of high-efficiency heat pumps makes natural resources usable.<\/span><br \/><\/span><\/div><div class=\"J0lOec\"><span class=\"VIiyi\" lang=\"en\">\u00a0<\/span><\/div><div class=\"J0lOec\"><span class=\"VIiyi\" lang=\"en\"><span class=\"JLqJ4b ChMk0b\" data-language-for-alternatives=\"en\" data-language-to-translate-into=\"de\" data-phrase-index=\"2\" data-number-of-phrases=\"3\">Over four decades of experience, more than 12,000 installations, patents in the field of innovative overall heat pump systems and the constant further development of technology are important cornerstones of the corporate strategy.<\/span><\/span><\/div>\t\t\t\t\t\t\t\t<\/div>\n\t\t\t\t<\/div>\n\t\t\t\t<div class=\"elementor-element elementor-element-32b3c9e elementor-align-left elementor-widget elementor-widget-button\" data-id=\"32b3c9e\" data-element_type=\"widget\" data-e-type=\"widget\" data-widget_type=\"button.default\">\n\t\t\t\t<div class=\"elementor-widget-container\">\n\t\t\t\t\t\t\t\t\t<div class=\"elementor-button-wrapper\">\n\t\t\t\t\t<a class=\"elementor-button elementor-button-link elementor-size-sm\" href=\"https:\/\/www.mtec-systems.com\/en\/m-tec-waermepumpen\/\">\n\t\t\t\t\t\t<span class=\"elementor-button-content-wrapper\">\n\t\t\t\t\t\t<span class=\"elementor-button-icon\">\n\t\t\t\t<svg aria-hidden=\"true\" class=\"e-font-icon-svg e-far-caret-square-right\" viewBox=\"0 0 448 512\" xmlns=\"http:\/\/www.w3.org\/2000\/svg\"><path d=\"M176 354.9V157.1c0-10.7 13-16.1 20.5-8.5l98.3 98.9c4.7 4.7 4.7 12.2 0 16.9l-98.3 98.9c-7.5 7.7-20.5 2.3-20.5-8.4zM448 80v352c0 26.5-21.5 48-48 48H48c-26.5 0-48-21.5-48-48V80c0-26.5 21.5-48 48-48h352c26.5 0 48 21.5 48 48zm-48 346V86c0-3.3-2.7-6-6-6H54c-3.3 0-6 2.7-6 6v340c0 3.3 2.7 6 6 6h340c3.3 0 6-2.7 6-6z\"><\/path><\/svg>\t\t\t<\/span>\n\t\t\t\t\t\t\t\t\t<span class=\"elementor-button-text\">go to heat pumps<\/span>\n\t\t\t\t\t<\/span>\n\t\t\t\t\t<\/a>\n\t\t\t\t<\/div>\n\t\t\t\t\t\t\t\t<\/div>\n\t\t\t\t<\/div>\n\t\t\t\t\t<\/div>\n\t\t<\/div>\n\t\t\t\t\t<\/div>\n\t\t<\/section>\n\t\t\t\t<section class=\"elementor-section elementor-top-section elementor-element elementor-element-a7fc5b6 elementor-section-boxed elementor-section-height-default elementor-section-height-default\" data-id=\"a7fc5b6\" data-element_type=\"section\" data-e-type=\"section\" data-settings=\"{&quot;jet_parallax_layout_list&quot;:[]}\">\n\t\t\t\t\t\t<div class=\"elementor-container elementor-column-gap-default\">\n\t\t\t\t\t<div class=\"elementor-column elementor-col-50 elementor-top-column elementor-element elementor-element-4f9a34a\" data-id=\"4f9a34a\" data-element_type=\"column\" data-e-type=\"column\">\n\t\t\t<div class=\"elementor-widget-wrap elementor-element-populated\">\n\t\t\t\t\t\t<div class=\"elementor-element elementor-element-57c41e4 elementor-widget elementor-widget-image\" data-id=\"57c41e4\" data-element_type=\"widget\" data-e-type=\"widget\" data-widget_type=\"image.default\">\n\t\t\t\t<div class=\"elementor-widget-container\">\n\t\t\t\t\t\t\t\t\t\t\t\t\t\t\t\t<a href=\"https:\/\/youtu.be\/rfb2asouU30\" target=\"_blank\" rel=\"noopener\">\n\t\t\t\t\t\t\t<img decoding=\"async\" width=\"1364\" height=\"1440\" src=\"https:\/\/www.mtec-systems.com\/wp-content\/uploads\/sites\/21\/2021\/11\/Energybutler-stapelbar.png\" class=\"attachment-2048x2048 size-2048x2048 wp-image-19991\" alt=\"ein hohes Ger\u00e4t in wei\u00dfer Farbe mit einer schwarzen Linie an der Spitze\" srcset=\"https:\/\/www.mtec-systems.com\/wp-content\/uploads\/sites\/21\/2021\/11\/Energybutler-stapelbar.png 1364w, https:\/\/www.mtec-systems.com\/wp-content\/uploads\/sites\/21\/2021\/11\/Energybutler-stapelbar-284x300.png 284w, https:\/\/www.mtec-systems.com\/wp-content\/uploads\/sites\/21\/2021\/11\/Energybutler-stapelbar-970x1024.png 970w, https:\/\/www.mtec-systems.com\/wp-content\/uploads\/sites\/21\/2021\/11\/Energybutler-stapelbar-768x811.png 768w\" sizes=\"(max-width: 1364px) 100vw, 1364px\" \/>\t\t\t\t\t\t\t\t<\/a>\n\t\t\t\t\t\t\t\t\t\t\t\t\t\t\t<\/div>\n\t\t\t\t<\/div>\n\t\t\t\t\t<\/div>\n\t\t<\/div>\n\t\t\t\t<div class=\"elementor-column elementor-col-50 elementor-top-column elementor-element elementor-element-417bab5\" data-id=\"417bab5\" data-element_type=\"column\" data-e-type=\"column\">\n\t\t\t<div class=\"elementor-widget-wrap elementor-element-populated\">\n\t\t\t\t\t\t<div class=\"elementor-element elementor-element-62bf5ed elementor-widget elementor-widget-heading\" data-id=\"62bf5ed\" data-element_type=\"widget\" data-e-type=\"widget\" data-widget_type=\"heading.default\">\n\t\t\t\t<div class=\"elementor-widget-container\">\n\t\t\t\t\t<h2 class=\"elementor-heading-title elementor-size-default\">M-TEC ENERGY-BUTLER\u00ae<\/h2>\t\t\t\t<\/div>\n\t\t\t\t<\/div>\n\t\t\t\t<div class=\"elementor-element elementor-element-85dd654 elementor-widget elementor-widget-heading\" data-id=\"85dd654\" data-element_type=\"widget\" data-e-type=\"widget\" data-widget_type=\"heading.default\">\n\t\t\t\t<div class=\"elementor-widget-container\">\n\t\t\t\t\t<h3 class=\"elementor-heading-title elementor-size-default\"><div class=\"T4LgNb\"><div class=\"WFnNle\"><div class=\"OlSOob\"><div class=\"ccvoYb\"><div class=\"AxqVh\"><div class=\"OPPzxe\"><div class=\"dePhmb\"><div class=\"eyKpYb\" data-language=\"en\" data-original-language=\"de\" data-result-index=\"0\"><div class=\"J0lOec\"><span class=\"VIiyi\" lang=\"en\"><span class=\"JLqJ4b ChMk0b\" data-language-for-alternatives=\"en\" data-language-to-translate-into=\"de\" data-phrase-index=\"0\" data-number-of-phrases=\"1\"><span>The storage solution with added value<\/span><\/span><\/span> <span class=\"zEswK\"><\/span><\/div><\/div><\/div><\/div><\/div><\/div><\/div><\/div><\/div><\/h3>\t\t\t\t<\/div>\n\t\t\t\t<\/div>\n\t\t\t\t<div class=\"elementor-element elementor-element-911462e elementor-widget elementor-widget-text-editor\" data-id=\"911462e\" data-element_type=\"widget\" data-e-type=\"widget\" data-widget_type=\"text-editor.default\">\n\t\t\t\t<div class=\"elementor-widget-container\">\n\t\t\t\t\t\t\t\t\t<div><span lang=\"en\"><span data-language-for-alternatives=\"en\" data-language-to-translate-into=\"de\" data-phrase-index=\"0\" data-number-of-phrases=\"4\">Stackable and expandable and with an integrated hybrid inverter from 11.5 kWh to 30.7 kWh.<\/span><br \/><\/span><\/div><div><span lang=\"en\"><span data-language-for-alternatives=\"en\" data-language-to-translate-into=\"de\" data-phrase-index=\"1\" data-number-of-phrases=\"4\">The modular concept of the Energy-Butler\u00ae is not only suitable for single-family houses, but can also be expanded to up to 307 kWh for companies or for multi-storey buildings.<\/span><br \/><\/span><\/div><div><span lang=\"en\"><span data-language-for-alternatives=\"en\" data-language-to-translate-into=\"de\" data-phrase-index=\"2\" data-number-of-phrases=\"4\">\u00a0<\/span><\/span><\/div><div><span lang=\"en\"><span data-language-for-alternatives=\"en\" data-language-to-translate-into=\"de\" data-phrase-index=\"2\" data-number-of-phrases=\"4\">The already integrated hybrid inverter with emergency power function saves time during installation and space in the technical room.<\/span> <span data-language-for-alternatives=\"en\" data-language-to-translate-into=\"de\" data-phrase-index=\"3\" data-number-of-phrases=\"4\">It has never been easier to install smart products like this storage solution.<\/span><\/span><\/div>\t\t\t\t\t\t\t\t<\/div>\n\t\t\t\t<\/div>\n\t\t\t\t<div class=\"elementor-element elementor-element-4fbfec2 elementor-align-left elementor-widget elementor-widget-button\" data-id=\"4fbfec2\" data-element_type=\"widget\" data-e-type=\"widget\" data-widget_type=\"button.default\">\n\t\t\t\t<div class=\"elementor-widget-container\">\n\t\t\t\t\t\t\t\t\t<div class=\"elementor-button-wrapper\">\n\t\t\t\t\t<a class=\"elementor-button elementor-button-link elementor-size-sm\" href=\"https:\/\/www.mtec-systems.com\/en\/batteriespeicher\/energy-butler-11-bis-30-kwh\/\">\n\t\t\t\t\t\t<span class=\"elementor-button-content-wrapper\">\n\t\t\t\t\t\t<span class=\"elementor-button-icon\">\n\t\t\t\t<svg aria-hidden=\"true\" class=\"e-font-icon-svg e-far-caret-square-right\" viewBox=\"0 0 448 512\" xmlns=\"http:\/\/www.w3.org\/2000\/svg\"><path d=\"M176 354.9V157.1c0-10.7 13-16.1 20.5-8.5l98.3 98.9c4.7 4.7 4.7 12.2 0 16.9l-98.3 98.9c-7.5 7.7-20.5 2.3-20.5-8.4zM448 80v352c0 26.5-21.5 48-48 48H48c-26.5 0-48-21.5-48-48V80c0-26.5 21.5-48 48-48h352c26.5 0 48 21.5 48 48zm-48 346V86c0-3.3-2.7-6-6-6H54c-3.3 0-6 2.7-6 6v340c0 3.3 2.7 6 6 6h340c3.3 0 6-2.7 6-6z\"><\/path><\/svg>\t\t\t<\/span>\n\t\t\t\t\t\t\t\t\t<span class=\"elementor-button-text\">go to Energy-Butler<\/span>\n\t\t\t\t\t<\/span>\n\t\t\t\t\t<\/a>\n\t\t\t\t<\/div>\n\t\t\t\t\t\t\t\t<\/div>\n\t\t\t\t<\/div>\n\t\t\t\t\t<\/div>\n\t\t<\/div>\n\t\t\t\t\t<\/div>\n\t\t<\/section>\n\t\t\t\t<section class=\"elementor-section elementor-top-section elementor-element elementor-element-ff91389 elementor-section-boxed elementor-section-height-default elementor-section-height-default\" data-id=\"ff91389\" data-element_type=\"section\" data-e-type=\"section\" data-settings=\"{&quot;jet_parallax_layout_list&quot;:[]}\">\n\t\t\t\t\t\t<div class=\"elementor-container elementor-column-gap-default\">\n\t\t\t\t\t<div class=\"elementor-column elementor-col-50 elementor-top-column elementor-element elementor-element-0d9e1ba\" data-id=\"0d9e1ba\" data-element_type=\"column\" data-e-type=\"column\">\n\t\t\t<div class=\"elementor-widget-wrap elementor-element-populated\">\n\t\t\t\t\t\t<div class=\"elementor-element elementor-element-b71a2dc elementor-widget elementor-widget-image\" data-id=\"b71a2dc\" data-element_type=\"widget\" data-e-type=\"widget\" data-widget_type=\"image.default\">\n\t\t\t\t<div class=\"elementor-widget-container\">\n\t\t\t\t\t\t\t\t\t\t\t\t<figure class=\"wp-caption\">\n\t\t\t\t\t\t\t\t\t\t<img loading=\"lazy\" decoding=\"async\" width=\"800\" height=\"534\" src=\"https:\/\/www.mtec-systems.com\/wp-content\/uploads\/sites\/21\/2021\/11\/mtec-emobil-1024x683-1.jpg\" class=\"attachment-large size-large wp-image-19966\" alt=\"Elektro-Steckdose mit einem Stecker.\" srcset=\"https:\/\/www.mtec-systems.com\/wp-content\/uploads\/sites\/21\/2021\/11\/mtec-emobil-1024x683-1.jpg 1024w, https:\/\/www.mtec-systems.com\/wp-content\/uploads\/sites\/21\/2021\/11\/mtec-emobil-1024x683-1-300x200.jpg 300w, https:\/\/www.mtec-systems.com\/wp-content\/uploads\/sites\/21\/2021\/11\/mtec-emobil-1024x683-1-768x512.jpg 768w\" sizes=\"(max-width: 800px) 100vw, 800px\" \/>\t\t\t\t\t\t\t\t\t\t\t<figcaption class=\"widget-image-caption wp-caption-text\"><\/figcaption>\n\t\t\t\t\t\t\t\t\t\t<\/figure>\n\t\t\t\t\t\t\t\t\t<\/div>\n\t\t\t\t<\/div>\n\t\t\t\t\t<\/div>\n\t\t<\/div>\n\t\t\t\t<div class=\"elementor-column elementor-col-50 elementor-top-column elementor-element elementor-element-f003980\" data-id=\"f003980\" data-element_type=\"column\" data-e-type=\"column\">\n\t\t\t<div class=\"elementor-widget-wrap elementor-element-populated\">\n\t\t\t\t\t\t<div class=\"elementor-element elementor-element-c48d867 elementor-widget elementor-widget-heading\" data-id=\"c48d867\" data-element_type=\"widget\" data-e-type=\"widget\" data-widget_type=\"heading.default\">\n\t\t\t\t<div class=\"elementor-widget-container\">\n\t\t\t\t\t<h2 class=\"elementor-heading-title elementor-size-default\">M-TEC E-MOBILITY<\/h2>\t\t\t\t<\/div>\n\t\t\t\t<\/div>\n\t\t\t\t<div class=\"elementor-element elementor-element-df9fcdd elementor-widget elementor-widget-heading\" data-id=\"df9fcdd\" data-element_type=\"widget\" data-e-type=\"widget\" data-widget_type=\"heading.default\">\n\t\t\t\t<div class=\"elementor-widget-container\">\n\t\t\t\t\t<h3 class=\"elementor-heading-title elementor-size-default\"><div class=\"T4LgNb\"><div class=\"WFnNle\"><div class=\"OlSOob\"><div class=\"ccvoYb\"><div class=\"AxqVh\"><div class=\"OPPzxe\"><div class=\"dePhmb\"><div class=\"eyKpYb\" data-language=\"en\" data-original-language=\"de\" data-result-index=\"0\"><div class=\"J0lOec\"><span class=\"VIiyi\" lang=\"en\"><span class=\"JLqJ4b ChMk0b\" data-language-for-alternatives=\"en\" data-language-to-translate-into=\"de\" data-phrase-index=\"0\" data-number-of-phrases=\"1\"><span>Sustainable and cheap on the way<\/span><\/span><\/span> <span class=\"zEswK\"><\/span><\/div><\/div><\/div><\/div><\/div><\/div><\/div><\/div><\/div><\/h3>\t\t\t\t<\/div>\n\t\t\t\t<\/div>\n\t\t\t\t<div class=\"elementor-element elementor-element-eb234be elementor-widget elementor-widget-text-editor\" data-id=\"eb234be\" data-element_type=\"widget\" data-e-type=\"widget\" data-widget_type=\"text-editor.default\">\n\t\t\t\t<div class=\"elementor-widget-container\">\n\t\t\t\t\t\t\t\t\t<div class=\"J0lOec\"><span class=\"VIiyi\" lang=\"en\"><span class=\"JLqJ4b ChMk0b\" data-language-for-alternatives=\"en\" data-language-to-translate-into=\"de\" data-phrase-index=\"0\" data-number-of-phrases=\"6\">Use excess solar power to charge electric vehicles.<\/span> <span class=\"JLqJ4b ChMk0b\" data-language-for-alternatives=\"en\" data-language-to-translate-into=\"de\" data-phrase-index=\"1\" data-number-of-phrases=\"6\">Several e-charging stations can also be integrated into the system.<\/span> <span class=\"JLqJ4b ChMk0b\" data-language-for-alternatives=\"en\" data-language-to-translate-into=\"de\" data-phrase-index=\"2\" data-number-of-phrases=\"6\">The electricity can be billed individually via the integrated OCCP interface &#8211; the abbreviation stands for &#8222;open charge point protocol&#8221;.<\/span><br><\/span><\/div>\n<div class=\"J0lOec\"><span class=\"VIiyi\" lang=\"en\"><span class=\"JLqJ4b ChMk0b\" data-language-for-alternatives=\"en\" data-language-to-translate-into=\"de\" data-phrase-index=\"3\" data-number-of-phrases=\"6\">&nbsp;<\/span><\/span><\/div>\n<div class=\"J0lOec\"><span class=\"VIiyi\" lang=\"en\"><span class=\"JLqJ4b ChMk0b\" data-language-for-alternatives=\"en\" data-language-to-translate-into=\"de\" data-phrase-index=\"3\" data-number-of-phrases=\"6\">The M-TEC mobility concepts are also interesting for apartment buildings or companies.<\/span><\/span><span class=\"VIiyi\" lang=\"en\"><span class=\"JLqJ4b ChMk0b\" data-language-for-alternatives=\"en\" data-language-to-translate-into=\"de\" data-phrase-index=\"4\" data-number-of-phrases=\"6\"> Integrated via E-Smart, this smart products also have an integrated load management system that protects the power grid from overloads.<\/span><br><\/span><\/div>\n<div class=\"J0lOec\"><span class=\"VIiyi\" lang=\"en\">&nbsp;<\/span><\/div>\n<div class=\"J0lOec\"><span class=\"VIiyi\" lang=\"en\"><span class=\"JLqJ4b ChMk0b\" data-language-for-alternatives=\"en\" data-language-to-translate-into=\"de\" data-phrase-index=\"5\" data-number-of-phrases=\"6\">Depending on requirements, the system also limits the charging current for e-vehicles.<\/span><\/span><\/div>\t\t\t\t\t\t\t\t<\/div>\n\t\t\t\t<\/div>\n\t\t\t\t\t<\/div>\n\t\t<\/div>\n\t\t\t\t\t<\/div>\n\t\t<\/section>\n\t\t\t\t<\/div>\n\t\t","protected":false},"excerpt":{"rendered":"<p>PRODUcts and SERVICES FoR a sustainable future Products and services for the production and management of electricity and heat We offer architects, property developers, planners, installers and other experts concrete, feasible solutions from a pre-configured modular system. Use our experience and know-how from 50 years to develop sustainable energy concepts. M-TEC HEAT PUMPS Heating and [&hellip;]<\/p>\n","protected":false},"author":11,"featured_media":0,"parent":0,"menu_order":1,"comment_status":"closed","ping_status":"closed","template":"","meta":{"footnotes":""},"class_list":["post-20307","page","type-page","status-publish","hentry"],"_links":{"self":[{"href":"https:\/\/www.mtec-systems.com\/hu\/wp-json\/wp\/v2\/pages\/20307","targetHints":{"allow":["GET"]}}],"collection":[{"href":"https:\/\/www.mtec-systems.com\/hu\/wp-json\/wp\/v2\/pages"}],"about":[{"href":"https:\/\/www.mtec-systems.com\/hu\/wp-json\/wp\/v2\/types\/page"}],"author":[{"embeddable":true,"href":"https:\/\/www.mtec-systems.com\/hu\/wp-json\/wp\/v2\/users\/11"}],"replies":[{"embeddable":true,"href":"https:\/\/www.mtec-systems.com\/hu\/wp-json\/wp\/v2\/comments?post=20307"}],"version-history":[{"count":0,"href":"https:\/\/www.mtec-systems.com\/hu\/wp-json\/wp\/v2\/pages\/20307\/revisions"}],"wp:attachment":[{"href":"https:\/\/www.mtec-systems.com\/hu\/wp-json\/wp\/v2\/media?parent=20307"}],"curies":[{"name":"wp","href":"https:\/\/api.w.org\/{rel}","templated":true}]}}