{"id":14708,"date":"2021-10-14T13:37:02","date_gmt":"2021-10-14T11:37:02","guid":{"rendered":"https:\/\/www.mtec-systems.com\/energy-for-future\/energy-change-now\/"},"modified":"2022-06-14T10:59:24","modified_gmt":"2022-06-14T08:59:24","slug":"energy-change-now","status":"publish","type":"page","link":"https:\/\/www.mtec-systems.com\/lv\/energy-for-future\/energy-change-now\/","title":{"rendered":"Energy-Change-Now"},"content":{"rendered":"\t\t<div data-elementor-type=\"wp-page\" data-elementor-id=\"14708\" class=\"elementor elementor-14708 elementor-74\" data-elementor-post-type=\"page\">\n\t\t\t\t\t\t<section class=\"elementor-section elementor-top-section elementor-element elementor-element-b586c34 elementor-section-boxed elementor-section-height-default elementor-section-height-default\" data-id=\"b586c34\" data-element_type=\"section\" data-e-type=\"section\" data-settings=\"{&quot;jet_parallax_layout_list&quot;:[]}\">\n\t\t\t\t\t\t<div class=\"elementor-container elementor-column-gap-default\">\n\t\t\t\t\t<div class=\"elementor-column elementor-col-50 elementor-top-column elementor-element elementor-element-1cf24d5\" data-id=\"1cf24d5\" data-element_type=\"column\" data-e-type=\"column\">\n\t\t\t<div class=\"elementor-widget-wrap elementor-element-populated\">\n\t\t\t\t\t\t<div class=\"elementor-element elementor-element-05bcc06 elementor-widget elementor-widget-heading\" data-id=\"05bcc06\" data-element_type=\"widget\" data-e-type=\"widget\" data-widget_type=\"heading.default\">\n\t\t\t\t<div class=\"elementor-widget-container\">\n\t\t\t\t\t<h1 class=\"elementor-heading-title elementor-size-default\">M-TEC energy-change-now<\/h1>\t\t\t\t<\/div>\n\t\t\t\t<\/div>\n\t\t\t\t<div class=\"elementor-element elementor-element-d7b8226 elementor-widget elementor-widget-heading\" data-id=\"d7b8226\" data-element_type=\"widget\" data-e-type=\"widget\" data-widget_type=\"heading.default\">\n\t\t\t\t<div class=\"elementor-widget-container\">\n\t\t\t\t\t<h2 class=\"elementor-heading-title elementor-size-default\"><span class=\"VIiyi\" lang=\"en\"><span class=\"JLqJ4b ChMk0b\" data-language-for-alternatives=\"en\" data-language-to-translate-into=\"de\" data-phrase-index=\"0\" data-number-of-phrases=\"1\"><span>P\u0101rej uz jaunu ener\u0123iju jau tagad!<\/span><\/span><\/span><\/h2>\t\t\t\t<\/div>\n\t\t\t\t<\/div>\n\t\t\t\t<div class=\"elementor-element elementor-element-ffe62fa elementor-widget elementor-widget-text-editor\" data-id=\"ffe62fa\" data-element_type=\"widget\" data-e-type=\"widget\" data-widget_type=\"text-editor.default\">\n\t\t\t\t<div class=\"elementor-widget-container\">\n\t\t\t\t\t\t\t\t\t<p>K\u0101 arhitekts, projekt\u0113t\u0101js vai realiz\u0113t\u0101js J\u016bs varat pan\u0101kt efekt\u012bv\u0101ko un dro\u0161\u0101ko sava projekta ener\u0123ijas apg\u0101des risin\u0101juma ievie\u0161anu. Veiksm\u012bgi atrisin\u0101t sava projekta piepras\u012bjumu p\u0113c ener\u0123ijas. J\u0101, j\u016bs pat varat to iev\u0113rojami samazin\u0101t un padar\u012bt \u0113kas energoneitr\u0101las. <strong>Papildus produktiem, tehnolo\u0123ij\u0101m un pakalpojumiem m\u0113s atbalst\u0101m \u0161\u012bs p\u0101rmai\u0146as ar zin\u0101\u0161an\u0101m, semin\u0101riem un iniciat\u012bv\u0101m.<\/strong><\/p><p><b>\u00a0<\/b><\/p>\t\t\t\t\t\t\t\t<\/div>\n\t\t\t\t<\/div>\n\t\t\t\t\t<\/div>\n\t\t<\/div>\n\t\t\t\t<div class=\"elementor-column elementor-col-50 elementor-top-column elementor-element elementor-element-fa23d6a\" data-id=\"fa23d6a\" data-element_type=\"column\" data-e-type=\"column\">\n\t\t\t<div class=\"elementor-widget-wrap elementor-element-populated\">\n\t\t\t\t\t\t<div class=\"elementor-element elementor-element-b894475 elementor-widget elementor-widget-image\" data-id=\"b894475\" data-element_type=\"widget\" data-e-type=\"widget\" data-widget_type=\"image.default\">\n\t\t\t\t<div class=\"elementor-widget-container\">\n\t\t\t\t\t\t\t\t\t\t\t\t<figure class=\"wp-caption\">\n\t\t\t\t\t\t\t\t\t\t<img fetchpriority=\"high\" decoding=\"async\" width=\"800\" height=\"577\" src=\"https:\/\/www.mtec-systems.com\/wp-content\/uploads\/sites\/21\/2021\/11\/m-tec-haus-1-1024x739.jpg\" class=\"attachment-large size-large wp-image-14416\" alt=\"Eine grau-wei\u00dfe Skizze von einem modernen Haus mit der orangenen Aufschrift auf dem Flachdach &quot;100% erneuerbar&quot;.\" srcset=\"https:\/\/www.mtec-systems.com\/wp-content\/uploads\/sites\/21\/2021\/11\/m-tec-haus-1-1024x739.jpg 1024w, https:\/\/www.mtec-systems.com\/wp-content\/uploads\/sites\/21\/2021\/11\/m-tec-haus-1-300x217.jpg 300w, https:\/\/www.mtec-systems.com\/wp-content\/uploads\/sites\/21\/2021\/11\/m-tec-haus-1-768x554.jpg 768w, https:\/\/www.mtec-systems.com\/wp-content\/uploads\/sites\/21\/2021\/11\/m-tec-haus-1.jpg 1200w\" sizes=\"(max-width: 800px) 100vw, 800px\" \/>\t\t\t\t\t\t\t\t\t\t\t<figcaption class=\"widget-image-caption wp-caption-text\"><\/figcaption>\n\t\t\t\t\t\t\t\t\t\t<\/figure>\n\t\t\t\t\t\t\t\t\t<\/div>\n\t\t\t\t<\/div>\n\t\t\t\t\t<\/div>\n\t\t<\/div>\n\t\t\t\t\t<\/div>\n\t\t<\/section>\n\t\t\t\t<section class=\"elementor-section elementor-top-section elementor-element elementor-element-008c2df elementor-section-full_width elementor-section-height-default elementor-section-height-default\" data-id=\"008c2df\" data-element_type=\"section\" data-e-type=\"section\" data-settings=\"{&quot;background_background&quot;:&quot;classic&quot;,&quot;jet_parallax_layout_list&quot;:[]}\">\n\t\t\t\t\t\t<div class=\"elementor-container elementor-column-gap-default\">\n\t\t\t\t\t<div class=\"elementor-column elementor-col-100 elementor-top-column elementor-element elementor-element-cbdbddb\" data-id=\"cbdbddb\" data-element_type=\"column\" data-e-type=\"column\">\n\t\t\t<div class=\"elementor-widget-wrap elementor-element-populated\">\n\t\t\t\t\t\t<section class=\"elementor-section elementor-inner-section elementor-element elementor-element-ac7b74a elementor-section-boxed elementor-section-height-default elementor-section-height-default\" data-id=\"ac7b74a\" data-element_type=\"section\" data-e-type=\"section\" data-settings=\"{&quot;jet_parallax_layout_list&quot;:[]}\">\n\t\t\t\t\t\t<div class=\"elementor-container elementor-column-gap-default\">\n\t\t\t\t\t<div class=\"elementor-column elementor-col-100 elementor-inner-column elementor-element elementor-element-067c746\" data-id=\"067c746\" data-element_type=\"column\" data-e-type=\"column\">\n\t\t\t<div class=\"elementor-widget-wrap elementor-element-populated\">\n\t\t\t\t\t\t<div class=\"elementor-element elementor-element-e8a0f7e elementor-widget elementor-widget-heading\" data-id=\"e8a0f7e\" data-element_type=\"widget\" data-e-type=\"widget\" data-widget_type=\"heading.default\">\n\t\t\t\t<div class=\"elementor-widget-container\">\n\t\t\t\t\t<h2 class=\"elementor-heading-title elementor-size-default\"><b>Mums ir lieli m\u0113r\u0137i attiec\u012bb\u0101 uz jauniem ener\u0123ijas risin\u0101jumiem -  l\u012bdz pat 2050. gadam<\/b><\/h2>\t\t\t\t<\/div>\n\t\t\t\t<\/div>\n\t\t\t\t<div class=\"elementor-element elementor-element-1999148 elementor-widget elementor-widget-text-editor\" data-id=\"1999148\" data-element_type=\"widget\" data-e-type=\"widget\" data-widget_type=\"text-editor.default\">\n\t\t\t\t<div class=\"elementor-widget-container\">\n\t\t\t\t\t\t\t\t\t<h3><span style=\"color: #ffffff\"><span lang=\"en\"><span data-language-for-alternatives=\"en\" data-language-to-translate-into=\"de\" data-phrase-index=\"0\" data-number-of-phrases=\"2\">Saska\u0146\u0101 ar eiropas izvirz\u012btajiem klimata m\u0113r\u0137iem, m\u0113s v\u0113lamies l\u012bdz 2030. gadam atst\u0101t aiz sevis fosilo kurin\u0101mo. Ar m\u016bsu tehnolo\u0123iju un t\u012bkla risin\u0101jumiem m\u0113s varam nodro\u0161in\u0101t svar\u012bgus pamatelementus \u0161o uzdevumu \u012bsteno\u0161anai.<\/span><\/span><\/span><b><\/b><\/h3>\t\t\t\t\t\t\t\t<\/div>\n\t\t\t\t<\/div>\n\t\t\t\t\t<\/div>\n\t\t<\/div>\n\t\t\t\t\t<\/div>\n\t\t<\/section>\n\t\t\t\t<section class=\"elementor-section elementor-inner-section elementor-element elementor-element-23aa8e6 elementor-section-boxed elementor-section-height-default elementor-section-height-default\" data-id=\"23aa8e6\" data-element_type=\"section\" data-e-type=\"section\" data-settings=\"{&quot;jet_parallax_layout_list&quot;:[]}\">\n\t\t\t\t\t\t<div class=\"elementor-container elementor-column-gap-default\">\n\t\t\t\t\t<div class=\"elementor-column elementor-col-33 elementor-inner-column elementor-element elementor-element-81d37b9\" data-id=\"81d37b9\" data-element_type=\"column\" data-e-type=\"column\">\n\t\t\t<div class=\"elementor-widget-wrap elementor-element-populated\">\n\t\t\t\t\t\t<div class=\"elementor-element elementor-element-6ba9c5a elementor-position-inline-start elementor-view-default elementor-mobile-position-block-start elementor-widget elementor-widget-icon-box\" data-id=\"6ba9c5a\" data-element_type=\"widget\" data-e-type=\"widget\" data-widget_type=\"icon-box.default\">\n\t\t\t\t<div class=\"elementor-widget-container\">\n\t\t\t\t\t\t\t<div class=\"elementor-icon-box-wrapper\">\n\n\t\t\t\t\t\t<div class=\"elementor-icon-box-icon\">\n\t\t\t\t<span  class=\"elementor-icon\">\n\t\t\t\t<svg aria-hidden=\"true\" class=\"e-font-icon-svg e-fas-sync-alt\" viewBox=\"0 0 512 512\" xmlns=\"http:\/\/www.w3.org\/2000\/svg\"><path d=\"M370.72 133.28C339.458 104.008 298.888 87.962 255.848 88c-77.458.068-144.328 53.178-162.791 126.85-1.344 5.363-6.122 9.15-11.651 9.15H24.103c-7.498 0-13.194-6.807-11.807-14.176C33.933 94.924 134.813 8 256 8c66.448 0 126.791 26.136 171.315 68.685L463.03 40.97C478.149 25.851 504 36.559 504 57.941V192c0 13.255-10.745 24-24 24H345.941c-21.382 0-32.09-25.851-16.971-40.971l41.75-41.749zM32 296h134.059c21.382 0 32.09 25.851 16.971 40.971l-41.75 41.75c31.262 29.273 71.835 45.319 114.876 45.28 77.418-.07 144.315-53.144 162.787-126.849 1.344-5.363 6.122-9.15 11.651-9.15h57.304c7.498 0 13.194 6.807 11.807 14.176C478.067 417.076 377.187 504 256 504c-66.448 0-126.791-26.136-171.315-68.685L48.97 471.03C33.851 486.149 8 475.441 8 454.059V320c0-13.255 10.745-24 24-24z\"><\/path><\/svg>\t\t\t\t<\/span>\n\t\t\t<\/div>\n\t\t\t\n\t\t\t\t\t\t<div class=\"elementor-icon-box-content\">\n\n\t\t\t\t\t\t\t\t\t<h3 class=\"elementor-icon-box-title\">\n\t\t\t\t\t\t<span  >\n\t\t\t\t\t\t\t<div class=\"T4LgNb\"><div class=\"WFnNle\"><div class=\"OlSOob\"><div class=\"ccvoYb\"><div class=\"AxqVh\"><div class=\"OPPzxe\"><div class=\"dePhmb\"><div class=\"eyKpYb\" data-language=\"en\" data-original-language=\"de\" data-result-index=\"0\"><div class=\"J0lOec\"><span class=\"VIiyi\" lang=\"en\"><span class=\"JLqJ4b ChMk0b\" data-language-for-alternatives=\"en\" data-language-to-translate-into=\"de\" data-phrase-index=\"0\" data-number-of-phrases=\"1\"><span>Maksim\u0101li pa\u0161pietiekams               <\/span><\/span><\/span> <span class=\"zEswK\"><\/span><\/div><\/div><\/div><\/div><\/div><\/div><\/div><\/div><\/div>\t\t\t\t\t\t<\/span>\n\t\t\t\t\t<\/h3>\n\t\t\t\t\n\t\t\t\t\n\t\t\t<\/div>\n\t\t\t\n\t\t<\/div>\n\t\t\t\t\t\t<\/div>\n\t\t\t\t<\/div>\n\t\t\t\t\t<\/div>\n\t\t<\/div>\n\t\t\t\t<div class=\"elementor-column elementor-col-33 elementor-inner-column elementor-element elementor-element-425a443\" data-id=\"425a443\" data-element_type=\"column\" data-e-type=\"column\">\n\t\t\t<div class=\"elementor-widget-wrap elementor-element-populated\">\n\t\t\t\t\t\t<div class=\"elementor-element elementor-element-5ba0ce3 elementor-position-inline-start elementor-view-default elementor-mobile-position-block-start elementor-widget elementor-widget-icon-box\" data-id=\"5ba0ce3\" data-element_type=\"widget\" data-e-type=\"widget\" data-widget_type=\"icon-box.default\">\n\t\t\t\t<div class=\"elementor-widget-container\">\n\t\t\t\t\t\t\t<div class=\"elementor-icon-box-wrapper\">\n\n\t\t\t\t\t\t<div class=\"elementor-icon-box-icon\">\n\t\t\t\t<span  class=\"elementor-icon\">\n\t\t\t\t<svg aria-hidden=\"true\" class=\"e-font-icon-svg e-far-sun\" viewBox=\"0 0 512 512\" xmlns=\"http:\/\/www.w3.org\/2000\/svg\"><path d=\"M494.2 221.9l-59.8-40.5 13.7-71c2.6-13.2-1.6-26.8-11.1-36.4-9.6-9.5-23.2-13.7-36.2-11.1l-70.9 13.7-40.4-59.9c-15.1-22.3-51.9-22.3-67 0l-40.4 59.9-70.8-13.7C98 60.4 84.5 64.5 75 74.1c-9.5 9.6-13.7 23.1-11.1 36.3l13.7 71-59.8 40.5C6.6 229.5 0 242 0 255.5s6.7 26 17.8 33.5l59.8 40.5-13.7 71c-2.6 13.2 1.6 26.8 11.1 36.3 9.5 9.5 22.9 13.7 36.3 11.1l70.8-13.7 40.4 59.9C230 505.3 242.6 512 256 512s26-6.7 33.5-17.8l40.4-59.9 70.9 13.7c13.4 2.7 26.8-1.6 36.3-11.1 9.5-9.5 13.6-23.1 11.1-36.3l-13.7-71 59.8-40.5c11.1-7.5 17.8-20.1 17.8-33.5-.1-13.6-6.7-26.1-17.9-33.7zm-112.9 85.6l17.6 91.2-91-17.6L256 458l-51.9-77-90.9 17.6 17.6-91.2-76.8-52 76.8-52-17.6-91.2 91 17.6L256 53l51.9 76.9 91-17.6-17.6 91.1 76.8 52-76.8 52.1zM256 152c-57.3 0-104 46.7-104 104s46.7 104 104 104 104-46.7 104-104-46.7-104-104-104zm0 160c-30.9 0-56-25.1-56-56s25.1-56 56-56 56 25.1 56 56-25.1 56-56 56z\"><\/path><\/svg>\t\t\t\t<\/span>\n\t\t\t<\/div>\n\t\t\t\n\t\t\t\t\t\t<div class=\"elementor-icon-box-content\">\n\n\t\t\t\t\t\t\t\t\t<h3 class=\"elementor-icon-box-title\">\n\t\t\t\t\t\t<span  >\n\t\t\t\t\t\t\t100 % atjaunojams\t\t\t\t\t\t<\/span>\n\t\t\t\t\t<\/h3>\n\t\t\t\t\n\t\t\t\t\n\t\t\t<\/div>\n\t\t\t\n\t\t<\/div>\n\t\t\t\t\t\t<\/div>\n\t\t\t\t<\/div>\n\t\t\t\t\t<\/div>\n\t\t<\/div>\n\t\t\t\t<div class=\"elementor-column elementor-col-33 elementor-inner-column elementor-element elementor-element-0e85ef5\" data-id=\"0e85ef5\" data-element_type=\"column\" data-e-type=\"column\">\n\t\t\t<div class=\"elementor-widget-wrap elementor-element-populated\">\n\t\t\t\t\t\t<div class=\"elementor-element elementor-element-dd36fb9 elementor-position-inline-start elementor-view-default elementor-mobile-position-block-start elementor-widget elementor-widget-icon-box\" data-id=\"dd36fb9\" data-element_type=\"widget\" data-e-type=\"widget\" data-widget_type=\"icon-box.default\">\n\t\t\t\t<div class=\"elementor-widget-container\">\n\t\t\t\t\t\t\t<div class=\"elementor-icon-box-wrapper\">\n\n\t\t\t\t\t\t<div class=\"elementor-icon-box-icon\">\n\t\t\t\t<span  class=\"elementor-icon\">\n\t\t\t\t<svg aria-hidden=\"true\" class=\"e-font-icon-svg e-fas-network-wired\" viewBox=\"0 0 640 512\" xmlns=\"http:\/\/www.w3.org\/2000\/svg\"><path d=\"M640 264v-16c0-8.84-7.16-16-16-16H344v-40h72c17.67 0 32-14.33 32-32V32c0-17.67-14.33-32-32-32H224c-17.67 0-32 14.33-32 32v128c0 17.67 14.33 32 32 32h72v40H16c-8.84 0-16 7.16-16 16v16c0 8.84 7.16 16 16 16h104v40H64c-17.67 0-32 14.33-32 32v128c0 17.67 14.33 32 32 32h160c17.67 0 32-14.33 32-32V352c0-17.67-14.33-32-32-32h-56v-40h304v40h-56c-17.67 0-32 14.33-32 32v128c0 17.67 14.33 32 32 32h160c17.67 0 32-14.33 32-32V352c0-17.67-14.33-32-32-32h-56v-40h104c8.84 0 16-7.16 16-16zM256 128V64h128v64H256zm-64 320H96v-64h96v64zm352 0h-96v-64h96v64z\"><\/path><\/svg>\t\t\t\t<\/span>\n\t\t\t<\/div>\n\t\t\t\n\t\t\t\t\t\t<div class=\"elementor-icon-box-content\">\n\n\t\t\t\t\t\t\t\t\t<h3 class=\"elementor-icon-box-title\">\n\t\t\t\t\t\t<span  >\n\t\t\t\t\t\t\t100 % apvienots\t\t\t\t\t\t<\/span>\n\t\t\t\t\t<\/h3>\n\t\t\t\t\n\t\t\t\t\n\t\t\t<\/div>\n\t\t\t\n\t\t<\/div>\n\t\t\t\t\t\t<\/div>\n\t\t\t\t<\/div>\n\t\t\t\t\t<\/div>\n\t\t<\/div>\n\t\t\t\t\t<\/div>\n\t\t<\/section>\n\t\t\t\t\t<\/div>\n\t\t<\/div>\n\t\t\t\t\t<\/div>\n\t\t<\/section>\n\t\t\t\t<section class=\"elementor-section elementor-top-section elementor-element elementor-element-eb98c01 elementor-section-boxed elementor-section-height-default elementor-section-height-default\" data-id=\"eb98c01\" data-element_type=\"section\" data-e-type=\"section\" data-settings=\"{&quot;jet_parallax_layout_list&quot;:[]}\">\n\t\t\t\t\t\t<div class=\"elementor-container elementor-column-gap-default\">\n\t\t\t\t\t<div class=\"elementor-column elementor-col-50 elementor-top-column elementor-element elementor-element-9a935dc\" data-id=\"9a935dc\" data-element_type=\"column\" data-e-type=\"column\">\n\t\t\t<div class=\"elementor-widget-wrap elementor-element-populated\">\n\t\t\t\t\t\t<div class=\"elementor-element elementor-element-082c0ba elementor-widget elementor-widget-text-editor\" data-id=\"082c0ba\" data-element_type=\"widget\" data-e-type=\"widget\" data-widget_type=\"text-editor.default\">\n\t\t\t\t<div class=\"elementor-widget-container\">\n\t\t\t\t\t\t\t\t\t<h2>P\u0101reja uz jaunu ener\u0123iju izdosies \u0161\u0101di<\/h2><h4>Arvien vair\u0101k uz\u0146\u0113mumu un jaunu projektu att\u012bst\u012btaji apzin\u0101s iesp\u0113jas, ko sniedz pa\u0161pietiekams ener\u0123ijas apg\u0101des risin\u0101jums<\/h4><p>Inteli\u0123enta ener\u0123ijas ra\u017eo\u0161anas un pat\u0113ri\u0146a vad\u012bbas sist\u0113ma paver iesp\u0113jas gan uz ener\u0123ijas ietaupijumu, gan neatkar\u012bbu.\u00a0 M-Tec International pied\u0101v\u0101 pilnu ener\u0123ijas ra\u017eo\u0161anas un p\u0101rvald\u012bbas risin\u0101jumu.<\/p>\t\t\t\t\t\t\t\t<\/div>\n\t\t\t\t<\/div>\n\t\t\t\t\t<\/div>\n\t\t<\/div>\n\t\t\t\t<div class=\"elementor-column elementor-col-50 elementor-top-column elementor-element elementor-element-4334406\" data-id=\"4334406\" data-element_type=\"column\" data-e-type=\"column\">\n\t\t\t<div class=\"elementor-widget-wrap elementor-element-populated\">\n\t\t\t\t\t\t<div class=\"elementor-element elementor-element-f641874 elementor-icon-list--layout-traditional elementor-list-item-link-full_width elementor-widget elementor-widget-icon-list\" data-id=\"f641874\" data-element_type=\"widget\" data-e-type=\"widget\" data-widget_type=\"icon-list.default\">\n\t\t\t\t<div class=\"elementor-widget-container\">\n\t\t\t\t\t\t\t<ul class=\"elementor-icon-list-items\">\n\t\t\t\t\t\t\t<li class=\"elementor-icon-list-item\">\n\t\t\t\t\t\t\t\t\t\t\t<span class=\"elementor-icon-list-icon\">\n\t\t\t\t\t\t\t<svg aria-hidden=\"true\" class=\"e-font-icon-svg e-fas-check\" viewBox=\"0 0 512 512\" xmlns=\"http:\/\/www.w3.org\/2000\/svg\"><path d=\"M173.898 439.404l-166.4-166.4c-9.997-9.997-9.997-26.206 0-36.204l36.203-36.204c9.997-9.998 26.207-9.998 36.204 0L192 312.69 432.095 72.596c9.997-9.997 26.207-9.997 36.204 0l36.203 36.204c9.997 9.997 9.997 26.206 0 36.204l-294.4 294.401c-9.998 9.997-26.207 9.997-36.204-.001z\"><\/path><\/svg>\t\t\t\t\t\t<\/span>\n\t\t\t\t\t\t\t\t\t\t<span class=\"elementor-icon-list-text\"><div class=\"T4LgNb\"><div class=\"WFnNle\"><div class=\"OlSOob\"><div class=\"ccvoYb\"><div class=\"AxqVh\"><div class=\"OPPzxe\"><div class=\"dePhmb\"><div class=\"eyKpYb\" data-language=\"en\" data-original-language=\"de\" data-result-index=\"0\"><div class=\"J0lOec\"><span class=\"VIiyi\" lang=\"en\"><span class=\"JLqJ4b ChMk0b\" data-language-for-alternatives=\"en\" data-language-to-translate-into=\"de\" data-phrase-index=\"0\" data-number-of-phrases=\"1\"><span>Sava energoapg\u0101de<\/span><\/span><\/span> <span class=\"zEswK\"><\/span><\/div><\/div><\/div><\/div><\/div><\/div><\/div><\/div><\/div><\/span>\n\t\t\t\t\t\t\t\t\t<\/li>\n\t\t\t\t\t\t\t\t<li class=\"elementor-icon-list-item\">\n\t\t\t\t\t\t\t\t\t\t\t<span class=\"elementor-icon-list-icon\">\n\t\t\t\t\t\t\t<svg aria-hidden=\"true\" class=\"e-font-icon-svg e-fas-check\" viewBox=\"0 0 512 512\" xmlns=\"http:\/\/www.w3.org\/2000\/svg\"><path d=\"M173.898 439.404l-166.4-166.4c-9.997-9.997-9.997-26.206 0-36.204l36.203-36.204c9.997-9.998 26.207-9.998 36.204 0L192 312.69 432.095 72.596c9.997-9.997 26.207-9.997 36.204 0l36.203 36.204c9.997 9.997 9.997 26.206 0 36.204l-294.4 294.401c-9.998 9.997-26.207 9.997-36.204-.001z\"><\/path><\/svg>\t\t\t\t\t\t<\/span>\n\t\t\t\t\t\t\t\t\t\t<span class=\"elementor-icon-list-text\"><div class=\"T4LgNb\"><div class=\"WFnNle\"><div class=\"OlSOob\"><div class=\"ccvoYb\"><div class=\"AxqVh\"><div class=\"OPPzxe\"><div class=\"dePhmb\"><div class=\"eyKpYb\" data-language=\"en\" data-original-language=\"de\" data-result-index=\"0\"><div class=\"J0lOec\"><span class=\"VIiyi\" lang=\"en\"><span class=\"JLqJ4b ChMk0b\" data-language-for-alternatives=\"en\" data-language-to-translate-into=\"de\" data-phrase-index=\"0\" data-number-of-phrases=\"1\"><span>Ilgtsp\u0113j\u012bga siltuma un ener\u0123ijas ra\u017eo\u0161anas sist\u0113ma<\/span><\/span><\/span> <span class=\"zEswK\"><\/span><\/div><\/div><\/div><\/div><\/div><\/div><\/div><\/div><\/div><\/span>\n\t\t\t\t\t\t\t\t\t<\/li>\n\t\t\t\t\t\t\t\t<li class=\"elementor-icon-list-item\">\n\t\t\t\t\t\t\t\t\t\t\t<span class=\"elementor-icon-list-icon\">\n\t\t\t\t\t\t\t<svg aria-hidden=\"true\" class=\"e-font-icon-svg e-fas-check\" viewBox=\"0 0 512 512\" xmlns=\"http:\/\/www.w3.org\/2000\/svg\"><path d=\"M173.898 439.404l-166.4-166.4c-9.997-9.997-9.997-26.206 0-36.204l36.203-36.204c9.997-9.998 26.207-9.998 36.204 0L192 312.69 432.095 72.596c9.997-9.997 26.207-9.997 36.204 0l36.203 36.204c9.997 9.997 9.997 26.206 0 36.204l-294.4 294.401c-9.998 9.997-26.207 9.997-36.204-.001z\"><\/path><\/svg>\t\t\t\t\t\t<\/span>\n\t\t\t\t\t\t\t\t\t\t<span class=\"elementor-icon-list-text\"><div class=\"T4LgNb\"><div class=\"WFnNle\"><div class=\"OlSOob\"><div class=\"ccvoYb\"><div class=\"AxqVh\"><div class=\"OPPzxe\"><div class=\"dePhmb\"><div class=\"eyKpYb\" data-language=\"en\" data-original-language=\"de\" data-result-index=\"0\"><div class=\"J0lOec\"><span class=\"VIiyi\" lang=\"en\"><span class=\"JLqJ4b ChMk0b\" data-language-for-alternatives=\"en\" data-language-to-translate-into=\"de\" data-phrase-index=\"0\" data-number-of-phrases=\"1\"><span>Izmaksu samazin\u0101\u0161ana izmantojot elektoapg\u0101des mobilit\u0101ti<\/span><\/span><\/span> <span class=\"zEswK\"><\/span><\/div><\/div><\/div><\/div><\/div><\/div><\/div><\/div><\/div><\/span>\n\t\t\t\t\t\t\t\t\t<\/li>\n\t\t\t\t\t\t<\/ul>\n\t\t\t\t\t\t<\/div>\n\t\t\t\t<\/div>\n\t\t\t\t<div class=\"elementor-element elementor-element-0e3e5fd elementor-align-left elementor-widget elementor-widget-button\" data-id=\"0e3e5fd\" data-element_type=\"widget\" data-e-type=\"widget\" data-widget_type=\"button.default\">\n\t\t\t\t<div class=\"elementor-widget-container\">\n\t\t\t\t\t\t\t\t\t<div class=\"elementor-button-wrapper\">\n\t\t\t\t\t<a class=\"elementor-button elementor-button-link elementor-size-lg\" href=\"https:\/\/www.mtec-systems.com\/en\/das-m-tec-energy-system\/\">\n\t\t\t\t\t\t<span class=\"elementor-button-content-wrapper\">\n\t\t\t\t\t\t<span class=\"elementor-button-icon\">\n\t\t\t\t<svg aria-hidden=\"true\" class=\"e-font-icon-svg e-far-caret-square-right\" viewBox=\"0 0 448 512\" xmlns=\"http:\/\/www.w3.org\/2000\/svg\"><path d=\"M176 354.9V157.1c0-10.7 13-16.1 20.5-8.5l98.3 98.9c4.7 4.7 4.7 12.2 0 16.9l-98.3 98.9c-7.5 7.7-20.5 2.3-20.5-8.4zM448 80v352c0 26.5-21.5 48-48 48H48c-26.5 0-48-21.5-48-48V80c0-26.5 21.5-48 48-48h352c26.5 0 48 21.5 48 48zm-48 346V86c0-3.3-2.7-6-6-6H54c-3.3 0-6 2.7-6 6v340c0 3.3 2.7 6 6 6h340c3.3 0 6-2.7 6-6z\"><\/path><\/svg>\t\t\t<\/span>\n\t\t\t\t\t\t\t\t\t<span class=\"elementor-button-text\">Energy system<\/span>\n\t\t\t\t\t<\/span>\n\t\t\t\t\t<\/a>\n\t\t\t\t<\/div>\n\t\t\t\t\t\t\t\t<\/div>\n\t\t\t\t<\/div>\n\t\t\t\t\t<\/div>\n\t\t<\/div>\n\t\t\t\t\t<\/div>\n\t\t<\/section>\n\t\t\t\t<\/div>\n\t\t","protected":false},"excerpt":{"rendered":"<p>M-TEC energy-change-now P\u0101rej uz jaunu ener\u0123iju jau tagad! K\u0101 arhitekts, projekt\u0113t\u0101js vai realiz\u0113t\u0101js J\u016bs varat pan\u0101kt efekt\u012bv\u0101ko un dro\u0161\u0101ko sava projekta ener\u0123ijas apg\u0101des risin\u0101juma ievie\u0161anu. Veiksm\u012bgi atrisin\u0101t sava projekta piepras\u012bjumu p\u0113c ener\u0123ijas. J\u0101, j\u016bs pat varat to iev\u0113rojami samazin\u0101t un padar\u012bt \u0113kas energoneitr\u0101las. Papildus produktiem, tehnolo\u0123ij\u0101m un pakalpojumiem m\u0113s atbalst\u0101m \u0161\u012bs p\u0101rmai\u0146as ar zin\u0101\u0161an\u0101m, semin\u0101riem [&hellip;]<\/p>\n","protected":false},"author":11,"featured_media":0,"parent":14706,"menu_order":3,"comment_status":"closed","ping_status":"closed","template":"","meta":{"footnotes":""},"class_list":["post-14708","page","type-page","status-publish","hentry"],"_links":{"self":[{"href":"https:\/\/www.mtec-systems.com\/lv\/wp-json\/wp\/v2\/pages\/14708","targetHints":{"allow":["GET"]}}],"collection":[{"href":"https:\/\/www.mtec-systems.com\/lv\/wp-json\/wp\/v2\/pages"}],"about":[{"href":"https:\/\/www.mtec-systems.com\/lv\/wp-json\/wp\/v2\/types\/page"}],"author":[{"embeddable":true,"href":"https:\/\/www.mtec-systems.com\/lv\/wp-json\/wp\/v2\/users\/11"}],"replies":[{"embeddable":true,"href":"https:\/\/www.mtec-systems.com\/lv\/wp-json\/wp\/v2\/comments?post=14708"}],"version-history":[{"count":0,"href":"https:\/\/www.mtec-systems.com\/lv\/wp-json\/wp\/v2\/pages\/14708\/revisions"}],"up":[{"embeddable":true,"href":"https:\/\/www.mtec-systems.com\/lv\/wp-json\/wp\/v2\/pages\/14706"}],"wp:attachment":[{"href":"https:\/\/www.mtec-systems.com\/lv\/wp-json\/wp\/v2\/media?parent=14708"}],"curies":[{"name":"wp","href":"https:\/\/api.w.org\/{rel}","templated":true}]}}