{"id":14714,"date":"2021-10-14T13:45:22","date_gmt":"2021-10-14T11:45:22","guid":{"rendered":"https:\/\/www.mtec-systems.com\/energy-for-future\/success-connects\/"},"modified":"2023-03-07T07:59:01","modified_gmt":"2023-03-07T06:59:01","slug":"success-connects","status":"publish","type":"page","link":"https:\/\/www.mtec-systems.com\/lv\/energy-for-future\/success-connects\/","title":{"rendered":"M-TEC Gruppe"},"content":{"rendered":"\t\t<div data-elementor-type=\"wp-page\" data-elementor-id=\"14714\" class=\"elementor elementor-14714\" data-elementor-post-type=\"page\">\n\t\t\t\t\t\t<section class=\"elementor-section elementor-top-section elementor-element elementor-element-125d094 elementor-section-boxed elementor-section-height-default elementor-section-height-default\" data-id=\"125d094\" data-element_type=\"section\" data-e-type=\"section\" data-settings=\"{&quot;jet_parallax_layout_list&quot;:[]}\">\n\t\t\t\t\t\t<div class=\"elementor-container elementor-column-gap-default\">\n\t\t\t\t\t<div class=\"elementor-column elementor-col-100 elementor-top-column elementor-element elementor-element-963f1fa\" data-id=\"963f1fa\" data-element_type=\"column\" data-e-type=\"column\">\n\t\t\t<div class=\"elementor-widget-wrap elementor-element-populated\">\n\t\t\t\t\t\t<div class=\"elementor-element elementor-element-4b1cd99 elementor-widget elementor-widget-heading\" data-id=\"4b1cd99\" data-element_type=\"widget\" data-e-type=\"widget\" data-widget_type=\"heading.default\">\n\t\t\t\t<div class=\"elementor-widget-container\">\n\t\t\t\t\t<h1 class=\"elementor-heading-title elementor-size-default\">M-TEC GRUPA. PAN\u0100KUMI APVIENOJAS.<\/h1>\t\t\t\t<\/div>\n\t\t\t\t<\/div>\n\t\t\t\t<div class=\"elementor-element elementor-element-c6a2b03 elementor-widget elementor-widget-heading\" data-id=\"c6a2b03\" data-element_type=\"widget\" data-e-type=\"widget\" data-widget_type=\"heading.default\">\n\t\t\t\t<div class=\"elementor-widget-container\">\n\t\t\t\t\t<h3 class=\"elementor-heading-title elementor-size-default\"><span class=\"VIiyi\" lang=\"en\"><span class=\"JLqJ4b ChMk0b\" data-language-for-alternatives=\"en\" data-language-to-translate-into=\"de\" data-phrase-index=\"0\" data-number-of-phrases=\"2\"><span>The Kop\u0161 1970. gadu s\u0101kuma M-TEC grupa ir pa\u013c\u0101vusies uz da\u017e\u0101d\u0101m kompetenc\u0113m apkures un dzes\u0113\u0161anas jom\u0101. Pan\u0101kumi savieno vair\u0101k nek\u0101 100 darbiniekus 3 viet\u0101s, kas nodro\u0161ina nep\u0101rtrauktu produktu un pakalpojumu att\u012bst\u012bbu klientiem un partneriem.<\/span><\/span><\/span><\/h3>\t\t\t\t<\/div>\n\t\t\t\t<\/div>\n\t\t\t\t\t<\/div>\n\t\t<\/div>\n\t\t\t\t\t<\/div>\n\t\t<\/section>\n\t\t\t\t<section class=\"elementor-section elementor-top-section elementor-element elementor-element-35edbd7 elementor-section-boxed elementor-section-height-default elementor-section-height-default\" data-id=\"35edbd7\" data-element_type=\"section\" data-e-type=\"section\" data-settings=\"{&quot;jet_parallax_layout_list&quot;:[]}\">\n\t\t\t\t\t\t<div class=\"elementor-container elementor-column-gap-default\">\n\t\t\t\t\t<div class=\"elementor-column elementor-col-50 elementor-top-column elementor-element elementor-element-a6e9f2a\" data-id=\"a6e9f2a\" data-element_type=\"column\" data-e-type=\"column\">\n\t\t\t<div class=\"elementor-widget-wrap elementor-element-populated\">\n\t\t\t\t\t\t<div class=\"elementor-element elementor-element-63c308e elementor-widget elementor-widget-text-editor\" data-id=\"63c308e\" data-element_type=\"widget\" data-e-type=\"widget\" data-widget_type=\"text-editor.default\">\n\t\t\t\t<div class=\"elementor-widget-container\">\n\t\t\t\t\t\t\t\t\t<p><strong>T\u0101lredz\u012bba un kvalit\u0101te izpau\u017eas vair\u0101k nek\u0101 14 000 veiksm\u012bgi uzst\u0101d\u012btu sist\u0113mu un daudzos apbalvojumos.<\/strong><\/p><p><b>\u00a0<\/b><\/p><div>4 specializ\u0113ti Austrijas uz\u0146\u0113mumi apvieno zin\u0101\u0161anas un pieredzi, kas g\u016bta siltums\u016bk\u0146u izstr\u0101d\u0113 un ra\u017eo\u0161an\u0101, risin\u0101jumu apvieno\u0161an\u0101, inovat\u012bvu ener\u0123ijas risin\u0101jumu uzst\u0101d\u012b\u0161an\u0101 un modernu sald\u0113\u0161anas un gaisa kondicion\u0113\u0161anas sist\u0113mu ievie\u0161an\u0101.<span lang=\"en\"><span data-language-for-alternatives=\"en\" data-language-to-translate-into=\"de\" data-phrase-index=\"0\" data-number-of-phrases=\"1\"><br \/><\/span><\/span><\/div>\t\t\t\t\t\t\t\t<\/div>\n\t\t\t\t<\/div>\n\t\t\t\t<div class=\"elementor-element elementor-element-aba2a49 elementor-widget elementor-widget-image\" data-id=\"aba2a49\" data-element_type=\"widget\" data-e-type=\"widget\" data-widget_type=\"image.default\">\n\t\t\t\t<div class=\"elementor-widget-container\">\n\t\t\t\t\t\t\t\t\t\t\t\t<figure class=\"wp-caption\">\n\t\t\t\t\t\t\t\t\t\t<img fetchpriority=\"high\" decoding=\"async\" width=\"800\" height=\"450\" src=\"https:\/\/www.mtec-systems.com\/wp-content\/uploads\/sites\/21\/2023\/01\/Mitarbeiterfoto-50JahrFeier-scaled-1-1024x576.jpg\" class=\"attachment-large size-large wp-image-21354\" alt=\"a group of people in grey t-shirts\" srcset=\"https:\/\/www.mtec-systems.com\/wp-content\/uploads\/sites\/21\/2023\/01\/Mitarbeiterfoto-50JahrFeier-scaled-1-1024x576.jpg 1024w, https:\/\/www.mtec-systems.com\/wp-content\/uploads\/sites\/21\/2023\/01\/Mitarbeiterfoto-50JahrFeier-scaled-1-300x169.jpg 300w, https:\/\/www.mtec-systems.com\/wp-content\/uploads\/sites\/21\/2023\/01\/Mitarbeiterfoto-50JahrFeier-scaled-1-768x432.jpg 768w, https:\/\/www.mtec-systems.com\/wp-content\/uploads\/sites\/21\/2023\/01\/Mitarbeiterfoto-50JahrFeier-scaled-1-1536x864.jpg 1536w, https:\/\/www.mtec-systems.com\/wp-content\/uploads\/sites\/21\/2023\/01\/Mitarbeiterfoto-50JahrFeier-scaled-1-2048x1152.jpg 2048w\" sizes=\"(max-width: 800px) 100vw, 800px\" \/>\t\t\t\t\t\t\t\t\t\t\t<figcaption class=\"widget-image-caption wp-caption-text\"><\/figcaption>\n\t\t\t\t\t\t\t\t\t\t<\/figure>\n\t\t\t\t\t\t\t\t\t<\/div>\n\t\t\t\t<\/div>\n\t\t\t\t\t<\/div>\n\t\t<\/div>\n\t\t\t\t<div class=\"elementor-column elementor-col-50 elementor-top-column elementor-element elementor-element-b313f04\" data-id=\"b313f04\" data-element_type=\"column\" data-e-type=\"column\">\n\t\t\t<div class=\"elementor-widget-wrap elementor-element-populated\">\n\t\t\t\t\t\t<div class=\"elementor-element elementor-element-aae5425 elementor-position-inline-start elementor-view-default elementor-mobile-position-block-start elementor-widget elementor-widget-icon-box\" data-id=\"aae5425\" data-element_type=\"widget\" data-e-type=\"widget\" data-widget_type=\"icon-box.default\">\n\t\t\t\t<div class=\"elementor-widget-container\">\n\t\t\t\t\t\t\t<div class=\"elementor-icon-box-wrapper\">\n\n\t\t\t\t\t\t<div class=\"elementor-icon-box-icon\">\n\t\t\t\t<a href=\"https:\/\/www.mtec-systems.com\/\" class=\"elementor-icon\" tabindex=\"-1\" aria-label=\"M-TEC GmbH\">\n\t\t\t\t<svg aria-hidden=\"true\" class=\"e-font-icon-svg e-fas-caret-square-right\" viewBox=\"0 0 448 512\" xmlns=\"http:\/\/www.w3.org\/2000\/svg\"><path d=\"M48 32h352c26.51 0 48 21.49 48 48v352c0 26.51-21.49 48-48 48H48c-26.51 0-48-21.49-48-48V80c0-26.51 21.49-48 48-48zm140.485 355.515l123.029-123.029c4.686-4.686 4.686-12.284 0-16.971l-123.029-123.03c-7.56-7.56-20.485-2.206-20.485 8.485v246.059c0 10.691 12.926 16.045 20.485 8.486z\"><\/path><\/svg>\t\t\t\t<\/a>\n\t\t\t<\/div>\n\t\t\t\n\t\t\t\t\t\t<div class=\"elementor-icon-box-content\">\n\n\t\t\t\t\t\t\t\t\t<h3 class=\"elementor-icon-box-title\">\n\t\t\t\t\t\t<a href=\"https:\/\/www.mtec-systems.com\/\" >\n\t\t\t\t\t\t\tM-TEC GmbH\t\t\t\t\t\t<\/a>\n\t\t\t\t\t<\/h3>\n\t\t\t\t\n\t\t\t\t\t\t\t\t\t<p class=\"elementor-icon-box-description\">\n\t\t\t\t\t\tInovat\u012bvu siltums\u016bk\u0146u izstr\u0101de un ra\u017eo\u0161ana<br>\nA-4812 Pinsdorf, Aum\u00fchlweg 20\t\t\t\t\t<\/p>\n\t\t\t\t\n\t\t\t<\/div>\n\t\t\t\n\t\t<\/div>\n\t\t\t\t\t\t<\/div>\n\t\t\t\t<\/div>\n\t\t\t\t<div class=\"elementor-element elementor-element-b61f7b9 elementor-position-inline-start elementor-view-default elementor-mobile-position-block-start elementor-widget elementor-widget-icon-box\" data-id=\"b61f7b9\" data-element_type=\"widget\" data-e-type=\"widget\" data-widget_type=\"icon-box.default\">\n\t\t\t\t<div class=\"elementor-widget-container\">\n\t\t\t\t\t\t\t<div class=\"elementor-icon-box-wrapper\">\n\n\t\t\t\t\t\t<div class=\"elementor-icon-box-icon\">\n\t\t\t\t<a href=\"https:\/\/www.mtec-systems.com\/en\/\" class=\"elementor-icon\" tabindex=\"-1\" aria-label=\"M-TEC International GmbH &amp; Co KG\">\n\t\t\t\t<svg aria-hidden=\"true\" class=\"e-font-icon-svg e-fas-caret-square-right\" viewBox=\"0 0 448 512\" xmlns=\"http:\/\/www.w3.org\/2000\/svg\"><path d=\"M48 32h352c26.51 0 48 21.49 48 48v352c0 26.51-21.49 48-48 48H48c-26.51 0-48-21.49-48-48V80c0-26.51 21.49-48 48-48zm140.485 355.515l123.029-123.029c4.686-4.686 4.686-12.284 0-16.971l-123.029-123.03c-7.56-7.56-20.485-2.206-20.485 8.485v246.059c0 10.691 12.926 16.045 20.485 8.486z\"><\/path><\/svg>\t\t\t\t<\/a>\n\t\t\t<\/div>\n\t\t\t\n\t\t\t\t\t\t<div class=\"elementor-icon-box-content\">\n\n\t\t\t\t\t\t\t\t\t<h3 class=\"elementor-icon-box-title\">\n\t\t\t\t\t\t<a href=\"https:\/\/www.mtec-systems.com\/en\/\" >\n\t\t\t\t\t\t\tM-TEC International GmbH &amp; Co KG\t\t\t\t\t\t<\/a>\n\t\t\t\t\t<\/h3>\n\t\t\t\t\n\t\t\t\t\t\t\t\t\t<p class=\"elementor-icon-box-description\">\n\t\t\t\t\t\tInovat\u012bvu apkures sist\u0113mu starptautisk\u0101 tirdzniec\u012bba un sertifik\u0101cija, partneru att\u012bst\u012bba un apm\u0101c\u012bbas vis\u0101 pasaul\u0113<br>\nA-4812 Pinsdorf, Aum\u00fchlweg 20\t\t\t\t\t<\/p>\n\t\t\t\t\n\t\t\t<\/div>\n\t\t\t\n\t\t<\/div>\n\t\t\t\t\t\t<\/div>\n\t\t\t\t<\/div>\n\t\t\t\t<div class=\"elementor-element elementor-element-ab69230 elementor-position-inline-start elementor-view-default elementor-mobile-position-block-start elementor-widget elementor-widget-icon-box\" data-id=\"ab69230\" data-element_type=\"widget\" data-e-type=\"widget\" data-widget_type=\"icon-box.default\">\n\t\t\t\t<div class=\"elementor-widget-container\">\n\t\t\t\t\t\t\t<div class=\"elementor-icon-box-wrapper\">\n\n\t\t\t\t\t\t<div class=\"elementor-icon-box-icon\">\n\t\t\t\t<a href=\"https:\/\/www.mtec-systems.com\/en\/\" class=\"elementor-icon\" tabindex=\"-1\" aria-label=\"M-TEC Energy Systems GmbH\">\n\t\t\t\t<svg aria-hidden=\"true\" class=\"e-font-icon-svg e-fas-caret-square-right\" viewBox=\"0 0 448 512\" xmlns=\"http:\/\/www.w3.org\/2000\/svg\"><path d=\"M48 32h352c26.51 0 48 21.49 48 48v352c0 26.51-21.49 48-48 48H48c-26.51 0-48-21.49-48-48V80c0-26.51 21.49-48 48-48zm140.485 355.515l123.029-123.029c4.686-4.686 4.686-12.284 0-16.971l-123.029-123.03c-7.56-7.56-20.485-2.206-20.485 8.485v246.059c0 10.691 12.926 16.045 20.485 8.486z\"><\/path><\/svg>\t\t\t\t<\/a>\n\t\t\t<\/div>\n\t\t\t\n\t\t\t\t\t\t<div class=\"elementor-icon-box-content\">\n\n\t\t\t\t\t\t\t\t\t<h3 class=\"elementor-icon-box-title\">\n\t\t\t\t\t\t<a href=\"https:\/\/www.mtec-systems.com\/en\/\" >\n\t\t\t\t\t\t\tM-TEC Energy Systems GmbH\t\t\t\t\t\t<\/a>\n\t\t\t\t\t<\/h3>\n\t\t\t\t\n\t\t\t\t\t\t\t\t\t<p class=\"elementor-icon-box-description\">\n\t\t\t\t\t\tEnergop\u0101rvald\u012bbas sist\u0113mu ievie\u0161ana<br>\nA-4812 Pinsdorf, Aum\u00fchlweg 20\t\t\t\t\t<\/p>\n\t\t\t\t\n\t\t\t<\/div>\n\t\t\t\n\t\t<\/div>\n\t\t\t\t\t\t<\/div>\n\t\t\t\t<\/div>\n\t\t\t\t<div class=\"elementor-element elementor-element-6376cfa elementor-position-inline-start elementor-view-default elementor-mobile-position-block-start elementor-widget elementor-widget-icon-box\" data-id=\"6376cfa\" data-element_type=\"widget\" data-e-type=\"widget\" data-widget_type=\"icon-box.default\">\n\t\t\t\t<div class=\"elementor-widget-container\">\n\t\t\t\t\t\t\t<div class=\"elementor-icon-box-wrapper\">\n\n\t\t\t\t\t\t<div class=\"elementor-icon-box-icon\">\n\t\t\t\t<a href=\"https:\/\/m-tec.at\/\" class=\"elementor-icon\" tabindex=\"-1\" aria-label=\"M-TEC Energie.Innovativ GmbH\" target=\"_blank\" rel=\"noopener\">\n\t\t\t\t<svg aria-hidden=\"true\" class=\"e-font-icon-svg e-fas-caret-square-right\" viewBox=\"0 0 448 512\" xmlns=\"http:\/\/www.w3.org\/2000\/svg\"><path d=\"M48 32h352c26.51 0 48 21.49 48 48v352c0 26.51-21.49 48-48 48H48c-26.51 0-48-21.49-48-48V80c0-26.51 21.49-48 48-48zm140.485 355.515l123.029-123.029c4.686-4.686 4.686-12.284 0-16.971l-123.029-123.03c-7.56-7.56-20.485-2.206-20.485 8.485v246.059c0 10.691 12.926 16.045 20.485 8.486z\"><\/path><\/svg>\t\t\t\t<\/a>\n\t\t\t<\/div>\n\t\t\t\n\t\t\t\t\t\t<div class=\"elementor-icon-box-content\">\n\n\t\t\t\t\t\t\t\t\t<h3 class=\"elementor-icon-box-title\">\n\t\t\t\t\t\t<a href=\"https:\/\/m-tec.at\/\" target=\"_blank\" rel=\"noopener\">\n\t\t\t\t\t\t\tM-TEC Energie.Innovativ GmbH\t\t\t\t\t\t<\/a>\n\t\t\t\t\t<\/h3>\n\t\t\t\t\n\t\t\t\t\t\t\t\t\t<p class=\"elementor-icon-box-description\">\n\t\t\t\t\t\t<span class=\"VIiyi\" lang=\"en\"><span class=\"JLqJ4b ChMk0b\" data-language-for-alternatives=\"en\" data-language-to-translate-into=\"de\" data-phrase-index=\"0\" data-number-of-phrases=\"1\"><span>Uzst\u0101d\u012bt\u0101js siltums\u016bk\u0146u, siltuma atg\u016b\u0161anas, ventil\u0101cijas tehnolo\u0123iju, fotoelementu un sanit\u0101rtehnikas jom\u0101 Aug\u0161austij\u0101<\/span><\/span><\/span> <br>A-4122 Arnreit, Arnreit 51\t\t\t\t\t<\/p>\n\t\t\t\t\n\t\t\t<\/div>\n\t\t\t\n\t\t<\/div>\n\t\t\t\t\t\t<\/div>\n\t\t\t\t<\/div>\n\t\t\t\t<div class=\"elementor-element elementor-element-b8f31cb elementor-position-inline-start elementor-view-default elementor-mobile-position-block-start elementor-widget elementor-widget-icon-box\" data-id=\"b8f31cb\" data-element_type=\"widget\" data-e-type=\"widget\" data-widget_type=\"icon-box.default\">\n\t\t\t\t<div class=\"elementor-widget-container\">\n\t\t\t\t\t\t\t<div class=\"elementor-icon-box-wrapper\">\n\n\t\t\t\t\t\t<div class=\"elementor-icon-box-icon\">\n\t\t\t\t<a href=\"https:\/\/www.m-kaelte.at\/\" class=\"elementor-icon\" tabindex=\"-1\" aria-label=\"M-TEC K\u00e4ltetechnik GmbH\" target=\"_blank\" rel=\"noopener\">\n\t\t\t\t<svg aria-hidden=\"true\" class=\"e-font-icon-svg e-fas-caret-square-right\" viewBox=\"0 0 448 512\" xmlns=\"http:\/\/www.w3.org\/2000\/svg\"><path d=\"M48 32h352c26.51 0 48 21.49 48 48v352c0 26.51-21.49 48-48 48H48c-26.51 0-48-21.49-48-48V80c0-26.51 21.49-48 48-48zm140.485 355.515l123.029-123.029c4.686-4.686 4.686-12.284 0-16.971l-123.029-123.03c-7.56-7.56-20.485-2.206-20.485 8.485v246.059c0 10.691 12.926 16.045 20.485 8.486z\"><\/path><\/svg>\t\t\t\t<\/a>\n\t\t\t<\/div>\n\t\t\t\n\t\t\t\t\t\t<div class=\"elementor-icon-box-content\">\n\n\t\t\t\t\t\t\t\t\t<h3 class=\"elementor-icon-box-title\">\n\t\t\t\t\t\t<a href=\"https:\/\/www.m-kaelte.at\/\" target=\"_blank\" rel=\"noopener\">\n\t\t\t\t\t\t\tM-TEC K\u00e4ltetechnik GmbH\t\t\t\t\t\t<\/a>\n\t\t\t\t\t<\/h3>\n\t\t\t\t\n\t\t\t\t\t\t\t\t\t<p class=\"elementor-icon-box-description\">\n\t\t\t\t\t\t<div class=\"T4LgNb\"><div class=\"WFnNle\"><div class=\"OlSOob\"><div class=\"ccvoYb\"><div class=\"AxqVh\"><div class=\"OPPzxe\"><div class=\"dePhmb\"><div class=\"eyKpYb\" data-language=\"en\" data-original-language=\"de\" data-result-index=\"0\"><div class=\"J0lOec\"><span class=\"VIiyi\" lang=\"en\"><span class=\"JLqJ4b ChMk0b\" data-language-for-alternatives=\"en\" data-language-to-translate-into=\"de\" data-phrase-index=\"0\" data-number-of-phrases=\"1\"><span>Speci\u0101lists sald\u0113\u0161anas un kondicion\u0113\u0161anas sist\u0113mu, siltuma rekuper\u0101cijas jom\u0101s<\/span><\/span><\/span>\n<\/div><\/div><\/div><\/div><\/div><\/div><\/div><\/div><\/div>A-4120 Neufelden, Hintere Zeile 8\t\t\t\t\t<\/p>\n\t\t\t\t\n\t\t\t<\/div>\n\t\t\t\n\t\t<\/div>\n\t\t\t\t\t\t<\/div>\n\t\t\t\t<\/div>\n\t\t\t\t\t<\/div>\n\t\t<\/div>\n\t\t\t\t\t<\/div>\n\t\t<\/section>\n\t\t\t\t<section class=\"elementor-section elementor-top-section elementor-element elementor-element-8988b90 elementor-section-boxed elementor-section-height-default elementor-section-height-default\" data-id=\"8988b90\" data-element_type=\"section\" data-e-type=\"section\" data-settings=\"{&quot;jet_parallax_layout_list&quot;:[]}\">\n\t\t\t\t\t\t<div class=\"elementor-container elementor-column-gap-default\">\n\t\t\t\t\t<div class=\"elementor-column elementor-col-100 elementor-top-column elementor-element elementor-element-14f92bd\" data-id=\"14f92bd\" data-element_type=\"column\" data-e-type=\"column\">\n\t\t\t<div class=\"elementor-widget-wrap elementor-element-populated\">\n\t\t\t\t\t\t<div class=\"elementor-element elementor-element-76dc744 elementor-widget elementor-widget-heading\" data-id=\"76dc744\" data-element_type=\"widget\" data-e-type=\"widget\" data-widget_type=\"heading.default\">\n\t\t\t\t<div class=\"elementor-widget-container\">\n\t\t\t\t\t<h3 class=\"elementor-heading-title elementor-size-default\"><span class=\"VIiyi\" lang=\"en\"><span class=\"JLqJ4b ChMk0b\" data-language-for-alternatives=\"en\" data-language-to-translate-into=\"de\" data-phrase-index=\"0\" data-number-of-phrases=\"2\"><span>J\u016bsu r\u012bc\u012bb\u0101 ir ar\u012b viet\u0113jie produktu un pakalpojumu sniedz\u0113ji.<\/span><\/span><\/span><\/h3>\t\t\t\t<\/div>\n\t\t\t\t<\/div>\n\t\t\t\t<div class=\"elementor-element elementor-element-24319ce elementor-position-inline-start elementor-view-default elementor-mobile-position-block-start elementor-widget elementor-widget-icon-box\" data-id=\"24319ce\" data-element_type=\"widget\" data-e-type=\"widget\" data-widget_type=\"icon-box.default\">\n\t\t\t\t<div class=\"elementor-widget-container\">\n\t\t\t\t\t\t\t<div class=\"elementor-icon-box-wrapper\">\n\n\t\t\t\t\t\t<div class=\"elementor-icon-box-icon\">\n\t\t\t\t<a href=\"mailto:info@mtec-systems.nl\" class=\"elementor-icon\" tabindex=\"-1\" aria-label=\"M-TEC Nederland\">\n\t\t\t\t<svg aria-hidden=\"true\" class=\"e-font-icon-svg e-fas-caret-square-right\" viewBox=\"0 0 448 512\" xmlns=\"http:\/\/www.w3.org\/2000\/svg\"><path d=\"M48 32h352c26.51 0 48 21.49 48 48v352c0 26.51-21.49 48-48 48H48c-26.51 0-48-21.49-48-48V80c0-26.51 21.49-48 48-48zm140.485 355.515l123.029-123.029c4.686-4.686 4.686-12.284 0-16.971l-123.029-123.03c-7.56-7.56-20.485-2.206-20.485 8.485v246.059c0 10.691 12.926 16.045 20.485 8.486z\"><\/path><\/svg>\t\t\t\t<\/a>\n\t\t\t<\/div>\n\t\t\t\n\t\t\t\t\t\t<div class=\"elementor-icon-box-content\">\n\n\t\t\t\t\t\t\t\t\t<h3 class=\"elementor-icon-box-title\">\n\t\t\t\t\t\t<a href=\"mailto:info@mtec-systems.nl\" >\n\t\t\t\t\t\t\tM-TEC Nederland\t\t\t\t\t\t<\/a>\n\t\t\t\t\t<\/h3>\n\t\t\t\t\n\t\t\t\t\t\t\t\t\t<p class=\"elementor-icon-box-description\">\n\t\t\t\t\t\tNederlands p\u0101rdo\u0161ana un viet\u0113j\u0101 noliktava<br>\nNL-9601ME Hoogezand<br>Zwedenweg 3<br>Email: info@mtec-systems.nl<br>Web: www.mtec-systems.com\/nl<br>LinkedIn: www.linkedin.com\/company\/m-tec-nederland\t\t\t\t\t<\/p>\n\t\t\t\t\n\t\t\t<\/div>\n\t\t\t\n\t\t<\/div>\n\t\t\t\t\t\t<\/div>\n\t\t\t\t<\/div>\n\t\t\t\t<div class=\"elementor-element elementor-element-2353762 elementor-position-inline-start elementor-view-default elementor-mobile-position-block-start elementor-widget elementor-widget-icon-box\" data-id=\"2353762\" data-element_type=\"widget\" data-e-type=\"widget\" data-widget_type=\"icon-box.default\">\n\t\t\t\t<div class=\"elementor-widget-container\">\n\t\t\t\t\t\t\t<div class=\"elementor-icon-box-wrapper\">\n\n\t\t\t\t\t\t<div class=\"elementor-icon-box-icon\">\n\t\t\t\t<a href=\"mailto:mail@mtec-danmark.dk\" class=\"elementor-icon\" tabindex=\"-1\" aria-label=\"M-TEC Danmark\">\n\t\t\t\t<svg aria-hidden=\"true\" class=\"e-font-icon-svg e-fas-caret-square-right\" viewBox=\"0 0 448 512\" xmlns=\"http:\/\/www.w3.org\/2000\/svg\"><path d=\"M48 32h352c26.51 0 48 21.49 48 48v352c0 26.51-21.49 48-48 48H48c-26.51 0-48-21.49-48-48V80c0-26.51 21.49-48 48-48zm140.485 355.515l123.029-123.029c4.686-4.686 4.686-12.284 0-16.971l-123.029-123.03c-7.56-7.56-20.485-2.206-20.485 8.485v246.059c0 10.691 12.926 16.045 20.485 8.486z\"><\/path><\/svg>\t\t\t\t<\/a>\n\t\t\t<\/div>\n\t\t\t\n\t\t\t\t\t\t<div class=\"elementor-icon-box-content\">\n\n\t\t\t\t\t\t\t\t\t<h3 class=\"elementor-icon-box-title\">\n\t\t\t\t\t\t<a href=\"mailto:mail@mtec-danmark.dk\" >\n\t\t\t\t\t\t\tM-TEC Danmark\t\t\t\t\t\t<\/a>\n\t\t\t\t\t<\/h3>\n\t\t\t\t\n\t\t\t\t\t\t\t\t\t<p class=\"elementor-icon-box-description\">\n\t\t\t\t\t\tD\u0101nijas p\u0101rdev\u0113js, uzst\u0101d\u012bt\u0101js un viet\u0113j\u0101 noliktava<br>\nDK-4700 Naestved, Kometvej 20<br>Email: mail@mtec-danmark.dk<br>Web: www.mtec-danmark.dk\t\t\t\t\t<\/p>\n\t\t\t\t\n\t\t\t<\/div>\n\t\t\t\n\t\t<\/div>\n\t\t\t\t\t\t<\/div>\n\t\t\t\t<\/div>\n\t\t\t\t\t<\/div>\n\t\t<\/div>\n\t\t\t\t\t<\/div>\n\t\t<\/section>\n\t\t\t\t<\/div>\n\t\t","protected":false},"excerpt":{"rendered":"<p>M-TEC GRUPA. PAN\u0100KUMI APVIENOJAS. The Kop\u0161 1970. gadu s\u0101kuma M-TEC grupa ir pa\u013c\u0101vusies uz da\u017e\u0101d\u0101m kompetenc\u0113m apkures un dzes\u0113\u0161anas jom\u0101. Pan\u0101kumi savieno vair\u0101k nek\u0101 100 darbiniekus 3 viet\u0101s, kas nodro\u0161ina nep\u0101rtrauktu produktu un pakalpojumu att\u012bst\u012bbu klientiem un partneriem. T\u0101lredz\u012bba un kvalit\u0101te izpau\u017eas vair\u0101k nek\u0101 14 000 veiksm\u012bgi uzst\u0101d\u012btu sist\u0113mu un daudzos apbalvojumos. \u00a0 4 specializ\u0113ti [&hellip;]<\/p>\n","protected":false},"author":11,"featured_media":0,"parent":14706,"menu_order":2,"comment_status":"closed","ping_status":"closed","template":"","meta":{"footnotes":""},"class_list":["post-14714","page","type-page","status-publish","hentry"],"_links":{"self":[{"href":"https:\/\/www.mtec-systems.com\/lv\/wp-json\/wp\/v2\/pages\/14714","targetHints":{"allow":["GET"]}}],"collection":[{"href":"https:\/\/www.mtec-systems.com\/lv\/wp-json\/wp\/v2\/pages"}],"about":[{"href":"https:\/\/www.mtec-systems.com\/lv\/wp-json\/wp\/v2\/types\/page"}],"author":[{"embeddable":true,"href":"https:\/\/www.mtec-systems.com\/lv\/wp-json\/wp\/v2\/users\/11"}],"replies":[{"embeddable":true,"href":"https:\/\/www.mtec-systems.com\/lv\/wp-json\/wp\/v2\/comments?post=14714"}],"version-history":[{"count":3,"href":"https:\/\/www.mtec-systems.com\/lv\/wp-json\/wp\/v2\/pages\/14714\/revisions"}],"predecessor-version":[{"id":22398,"href":"https:\/\/www.mtec-systems.com\/lv\/wp-json\/wp\/v2\/pages\/14714\/revisions\/22398"}],"up":[{"embeddable":true,"href":"https:\/\/www.mtec-systems.com\/lv\/wp-json\/wp\/v2\/pages\/14706"}],"wp:attachment":[{"href":"https:\/\/www.mtec-systems.com\/lv\/wp-json\/wp\/v2\/media?parent=14714"}],"curies":[{"name":"wp","href":"https:\/\/api.w.org\/{rel}","templated":true}]}}